{"id":1459,"date":"2025-02-24T14:06:26","date_gmt":"2025-02-24T14:06:26","guid":{"rendered":"https:\/\/yana-haering.de\/impressum\/"},"modified":"2025-03-17T10:28:55","modified_gmt":"2025-03-17T10:28:55","slug":"impressum","status":"publish","type":"page","link":"https:\/\/yana-haering.de\/de\/impressum\/","title":{"rendered":"Impressum"},"content":{"rendered":"<p>[et_pb_section fb_built=&#8220;1&#8243; specialty=&#8220;on&#8220; admin_label=&#8220;Header&#8220; _builder_version=&#8220;4.27.4&#8243; _module_preset=&#8220;default&#8220; background_enable_color=&#8220;off&#8220; use_background_color_gradient=&#8220;on&#8220; background_color_gradient_direction=&#8220;93deg&#8220; background_color_gradient_stops=&#8220;#ffffff 0%|rgba(255,255,255,0) 63%&#8220; background_color_gradient_overlays_image=&#8220;on&#8220; background_image=&#8220;https:\/\/yana-haering.de\/wp-content\/uploads\/2025\/02\/YANA-banner-what-i-offer.jpg&#8220; inner_max_width=&#8220;1300px&#8220; custom_padding=&#8220;130px||130px||true|false&#8220; background_last_edited=&#8220;on|tablet&#8220; background_color_gradient_stops_tablet=&#8220;rgba(59,52,47,0) 7%|#3b342f 7%&#8220; background_color_gradient_start_position_tablet=&#8220;7%&#8220; background_color_gradient_end_position_tablet=&#8220;7%&#8220; box_shadow_style=&#8220;preset6&#8243; box_shadow_color=&#8220;#3B342F&#8220; global_colors_info=&#8220;{}&#8220;][et_pb_column type=&#8220;1_2&#8243; _builder_version=&#8220;4.16&#8243; custom_padding=&#8220;|||&#8220; global_colors_info=&#8220;{}&#8220; custom_padding__hover=&#8220;|||&#8220;][et_pb_text _builder_version=&#8220;4.27.4&#8243; _module_preset=&#8220;default&#8220; text_font=&#8220;Inter|300|on||||||&#8220; text_text_color=&#8220;#E09900&#8243; text_font_size=&#8220;21px&#8220; text_letter_spacing=&#8220;3px&#8220; custom_padding=&#8220;||15px||false|false&#8220; animation_style=&#8220;fade&#8220; hover_enabled=&#8220;0&#8243; text_text_shadow_style=&#8220;preset1&#8243; global_colors_info=&#8220;{}&#8220; sticky_enabled=&#8220;0&#8243;]<\/p>\n<p>Weitere Informationen und Datenpolitik<\/p>\n<p>[\/et_pb_text][et_pb_text _builder_version=&#8220;4.27.4&#8243; _module_preset=&#8220;default&#8220; text_font=&#8220;Montserrat|300|||||||&#8220; text_text_color=&#8220;#000000&#8243; text_font_size=&#8220;50px&#8220; text_letter_spacing=&#8220;3px&#8220; custom_padding=&#8220;||30px||false|false&#8220; animation_style=&#8220;fade&#8220; hover_enabled=&#8220;0&#8243; global_colors_info=&#8220;{}&#8220; sticky_enabled=&#8220;0&#8243;]<\/p>\n<p>IMPRESSUM<\/p>\n<p>[\/et_pb_text][\/et_pb_column][et_pb_column type=&#8220;1_2&#8243; specialty_columns=&#8220;2&#8243; _builder_version=&#8220;4.16&#8243; custom_padding=&#8220;|||&#8220; global_colors_info=&#8220;{}&#8220; custom_padding__hover=&#8220;|||&#8220;][\/et_pb_column][\/et_pb_section][et_pb_section fb_built=&#8220;1&#8243; admin_label=&#8220;Contact Info&#8220; _builder_version=&#8220;4.27.4&#8243; background_color=&#8220;#FFFFFF&#8220; global_colors_info=&#8220;{}&#8220;][et_pb_row column_structure=&#8220;1_3,1_3,1_3&#8243; use_custom_gutter=&#8220;on&#8220; gutter_width=&#8220;2&#8243; _builder_version=&#8220;4.16&#8243; global_colors_info=&#8220;{}&#8220;][et_pb_column type=&#8220;1_3&#8243; _builder_version=&#8220;4.16&#8243; global_colors_info=&#8220;{}&#8220;][et_pb_text _builder_version=&#8220;4.27.4&#8243; header_3_font=&#8220;Josefin Sans|700||on|||||&#8220; header_3_font_size=&#8220;16px&#8220; header_3_letter_spacing=&#8220;2px&#8220; header_3_line_height=&#8220;1.6em&#8220; custom_margin=&#8220;||0px||false|false&#8220; header_3_font_size_tablet=&#8220;24px&#8220; header_3_font_size_phone=&#8220;22px&#8220; header_3_font_size_last_edited=&#8220;on|phone&#8220; global_colors_info=&#8220;{}&#8220;]<\/p>\n<h3>Email<\/h3>\n<p>[\/et_pb_text][et_pb_divider color=&#8220;#ff7748&#8243; divider_weight=&#8220;2px&#8220; _builder_version=&#8220;4.16&#8243; width=&#8220;30px&#8220; max_height=&#8220;3px&#8220; custom_margin=&#8220;||||false|false&#8220; global_colors_info=&#8220;{}&#8220;][\/et_pb_divider][et_pb_text _builder_version=&#8220;4.27.4&#8243; text_font=&#8220;Inter||||||||&#8220; text_font_size=&#8220;16px&#8220; text_line_height=&#8220;2em&#8220; link_text_color=&#8220;#000000&#8243; global_colors_info=&#8220;{}&#8220;]<\/p>\n<p><a href=\"mailto:info@yana-haering.de\">info@yana-haering.de<\/a><\/p>\n<p>[\/et_pb_text][\/et_pb_column][et_pb_column type=&#8220;1_3&#8243; _builder_version=&#8220;4.16&#8243; global_colors_info=&#8220;{}&#8220;][et_pb_text _builder_version=&#8220;4.27.4&#8243; header_3_font=&#8220;Josefin Sans|700||on|||||&#8220; header_3_font_size=&#8220;16px&#8220; header_3_letter_spacing=&#8220;2px&#8220; header_3_line_height=&#8220;1.6em&#8220; custom_margin=&#8220;||0px||false|false&#8220; hover_enabled=&#8220;0&#8243; header_3_font_size_tablet=&#8220;24px&#8220; header_3_font_size_phone=&#8220;22px&#8220; header_3_font_size_last_edited=&#8220;on|phone&#8220; locked=&#8220;off&#8220; global_colors_info=&#8220;{}&#8220; sticky_enabled=&#8220;0&#8243;]<\/p>\n<h3>Telefon<\/h3>\n<p>[\/et_pb_text][et_pb_divider color=&#8220;#ff7748&#8243; divider_weight=&#8220;2px&#8220; _builder_version=&#8220;4.16&#8243; width=&#8220;30px&#8220; max_height=&#8220;3px&#8220; custom_margin=&#8220;||||false|false&#8220; locked=&#8220;off&#8220; global_colors_info=&#8220;{}&#8220;][\/et_pb_divider][et_pb_text _builder_version=&#8220;4.27.4&#8243; text_font=&#8220;Inter||||||||&#8220; text_text_color=&#8220;#000000&#8243; text_font_size=&#8220;16px&#8220; text_line_height=&#8220;2em&#8220; locked=&#8220;off&#8220; global_colors_info=&#8220;{}&#8220;]<\/p>\n<p>+49-17689058298<\/p>\n<p>[\/et_pb_text][\/et_pb_column][et_pb_column type=&#8220;1_3&#8243; _builder_version=&#8220;4.16&#8243; global_colors_info=&#8220;{}&#8220;][et_pb_text _builder_version=&#8220;4.27.4&#8243; header_3_font=&#8220;Josefin Sans|700||on|||||&#8220; header_3_font_size=&#8220;16px&#8220; header_3_letter_spacing=&#8220;2px&#8220; header_3_line_height=&#8220;1.6em&#8220; custom_margin=&#8220;||0px||false|false&#8220; hover_enabled=&#8220;0&#8243; header_3_font_size_tablet=&#8220;24px&#8220; header_3_font_size_phone=&#8220;22px&#8220; header_3_font_size_last_edited=&#8220;on|phone&#8220; locked=&#8220;off&#8220; global_colors_info=&#8220;{}&#8220; sticky_enabled=&#8220;0&#8243;]<\/p>\n<h3>Adresse<\/h3>\n<p>[\/et_pb_text][et_pb_divider color=&#8220;#ff7748&#8243; divider_weight=&#8220;2px&#8220; _builder_version=&#8220;4.16&#8243; width=&#8220;30px&#8220; max_height=&#8220;3px&#8220; custom_margin=&#8220;||||false|false&#8220; locked=&#8220;off&#8220; global_colors_info=&#8220;{}&#8220;][\/et_pb_divider][et_pb_text _builder_version=&#8220;4.27.4&#8243; text_font=&#8220;Inter||||||||&#8220; text_text_color=&#8220;#000000&#8243; text_font_size=&#8220;16px&#8220; locked=&#8220;off&#8220; global_colors_info=&#8220;{}&#8220;]<\/p>\n<p><span style=\"font-weight: 400;\">YogaGl\u00fcck studio<br \/><\/span><span style=\"font-weight: 400;\">Hackenbergstr. 7<br \/>12489 Berlin Adlershof<\/span><\/p>\n<p>[\/et_pb_text][\/et_pb_column][\/et_pb_row][\/et_pb_section][et_pb_section fb_built=&#8220;1&#8243; custom_padding_last_edited=&#8220;on|phone&#8220; module_id=&#8220;faq&#8220; _builder_version=&#8220;4.27.4&#8243; _module_preset=&#8220;default&#8220; background_color=&#8220;rgba(58,0,50,0.06)&#8220; custom_padding=&#8220;50px||||false|false&#8220; custom_padding_tablet=&#8220;0px||||false|false&#8220; custom_padding_phone=&#8220;20px||0px||false|false&#8220; global_colors_info=&#8220;{}&#8220;][et_pb_row custom_padding_last_edited=&#8220;on|phone&#8220; _builder_version=&#8220;4.27.4&#8243; _module_preset=&#8220;default&#8220; background_enable_color=&#8220;off&#8220; width=&#8220;55%&#8220; width_tablet=&#8220;55%&#8220; width_phone=&#8220;85%&#8220; width_last_edited=&#8220;on|phone&#8220; custom_padding_tablet=&#8220;&#8220; custom_padding_phone=&#8220;||0px||false|false&#8220; background_last_edited=&#8220;on|phone&#8220; background_enable_color_phone=&#8220;off&#8220; border_radii=&#8220;on|10px|10px|10px|10px&#8220; global_colors_info=&#8220;{}&#8220;][et_pb_column type=&#8220;4_4&#8243; _builder_version=&#8220;4.16&#8243; _module_preset=&#8220;default&#8220; global_colors_info=&#8220;{}&#8220;][et_pb_text disabled_on=&#8220;off|off|off&#8220; _builder_version=&#8220;4.27.4&#8243; text_font=&#8220;||||||||&#8220; header_font=&#8220;||||||||&#8220; header_2_font=&#8220;Montserrat|300|||||||&#8220; header_2_font_size=&#8220;36px&#8220; header_2_line_height=&#8220;1.3em&#8220; background_size=&#8220;initial&#8220; background_position=&#8220;top_left&#8220; background_repeat=&#8220;repeat&#8220; text_orientation=&#8220;center&#8220; hover_enabled=&#8220;0&#8243; global_colors_info=&#8220;{}&#8220; header_font_size__hover=&#8220;30px&#8220; header_font_size__hover_enabled=&#8220;30px&#8220; header_letter_spacing__hover=&#8220;0px&#8220; header_letter_spacing__hover_enabled=&#8220;0px&#8220; header_text_shadow_style__hover=&#8220;none&#8220; header_text_shadow_style__hover_enabled=&#8220;none&#8220; header_text_shadow_color__hover=&#8220;rgba(0,0,0,0.4)&#8220; header_text_shadow_color__hover_enabled=&#8220;rgba(0,0,0,0.4)&#8220; sticky_enabled=&#8220;0&#8243;]<\/p>\n<h2>Datenschutz und Cookie-Richtlinie<\/h2>\n<p>[\/et_pb_text][\/et_pb_column][\/et_pb_row][et_pb_row _builder_version=&#8220;4.27.4&#8243; _module_preset=&#8220;default&#8220; global_colors_info=&#8220;{}&#8220;][et_pb_column type=&#8220;4_4&#8243; _builder_version=&#8220;4.27.4&#8243; _module_preset=&#8220;default&#8220; global_colors_info=&#8220;{}&#8220;][et_pb_text _builder_version=&#8220;4.27.4&#8243; _module_preset=&#8220;default&#8220; text_font=&#8220;Inter||||||||&#8220; text_text_color=&#8220;#000000&#8243; text_font_size=&#8220;17px&#8220; text_line_height=&#8220;1.8em&#8220; header_3_font=&#8220;Inter||||||||&#8220; header_3_text_color=&#8220;#000000&#8243; header_3_font_size=&#8220;23px&#8220; header_3_letter_spacing=&#8220;1px&#8220; header_4_font=&#8220;Inter|700|||||||&#8220; header_4_text_color=&#8220;#000000&#8243; header_4_font_size=&#8220;20px&#8220; hover_enabled=&#8220;0&#8243; global_colors_info=&#8220;{}&#8220; sticky_enabled=&#8220;0&#8243;]<\/p>\n<p>Datenschutzerkl\u00e4rung<\/p>\n<p>Letzte Aktualisierung: 24. Februar 2025<\/p>\n<p>Die Inhaberin und Betreiberin dieser Website (Yana H\u00e4ring) nimmt den Schutz Ihrer privaten Daten ernst. Die besondere Beachtung der Privatsph\u00e4re bei der Verarbeitung personenbezogener Daten ist uns ein wichtiges Anliegen. Personenbezogene Daten werden gem\u00e4\u00df den Bestimmungen des Bundesdatenschutzgesetzes verwendet; die Inhaberin und Betreiberin dieser Website verpflichtet sich zur Vertraulichkeit. Diese Websites k\u00f6nnen Links zu Websites anderer Anbieter enthalten, auf die sich diese Datenschutzerkl\u00e4rung nicht erstreckt.<\/p>\n<p>Personenbezogene Daten sind Informationen, die zur Feststellung der Identit\u00e4t genutzt werden k\u00f6nnen. Dazu geh\u00f6ren Informationen wie Name, Adresse, Postanschrift und Telefonnummer. Informationen, die nicht direkt mit der wirklichen Identit\u00e4t in Verbindung gebracht werden (wie z. B. favorisierte Websites oder die Anzahl der Nutzer einer Website), fallen nicht darunter. Sie k\u00f6nnen unser Online-Angebot grunds\u00e4tzlich ohne Offenlegung Ihrer Identit\u00e4t nutzen. Wenn Sie sich registrieren, d. h. sich als Mitglied (registrierter Benutzer) anmelden, k\u00f6nnen Sie in Ihrem individuellen Benutzerprofil personenbezogene Daten hinterlegen. Es unterliegt Ihrer freien Entscheidung, ob Sie diese Daten eingeben. Da f\u00fcr die Nutzung des Angebots m\u00f6glichst wenige personenbezogene Daten erhoben werden, gen\u00fcgt bei der Registrierung die Angabe eines Namens \u2013 unter dem Sie als Mitglied gef\u00fchrt werden und der nicht Ihrem echten Namen entsprechen muss \u2013 und der E-Mail-Adresse, an die das Passwort gesendet wird. Im Zusammenhang mit dem Zugriff auf unsere Website werden Daten (z. B. IP-Adresse, Datum, Uhrzeit und betrachtete Seiten) serverseitig gespeichert. Eine personenbezogene Verwertung erfolgt nicht. Die statistische Auswertung anonymisierter Datens\u00e4tze bleibt vorbehalten.<\/p>\n<p>Wir nutzen die personenbezogenen Daten zu Zwecken der technischen Administration der Webseiten und zur Kundenverwaltung nur im jeweils daf\u00fcr erforderlichen Umfang. Dar\u00fcber hinaus werden personenbezogene Daten nur gespeichert, wenn Sie uns diese freiwillig mitteilen.<\/p>\n<p>Weitergabe personenbezogener Daten<\/p>\n<p>Wir verwenden personenbezogene Daten ausschlie\u00dflich f\u00fcr diese Website. Wir geben die Informationen nicht ohne ausdr\u00fcckliche Zustimmung an Dritte weiter. Sollten im Rahmen der Auftragsdatenverarbeitung Daten an Dienstleister weitergegeben werden, sind diese an das Bundesdatenschutzgesetz und andere gesetzliche Vorschriften gebunden. Erhebungen oder \u00dcbermittlungen personenbezogener Daten an staatliche Einrichtungen und Beh\u00f6rden erfolgen nur im Rahmen zwingender Rechtsvorschriften.<\/p>\n<p>Kinder<\/p>\n<p>Personen unter 18 Jahren sollten ohne Zustimmung ihrer Eltern oder Erziehungsberechtigten keine personenbezogenen Daten an uns \u00fcbermitteln. Wir erheben, sammeln und geben keine personenbezogenen Daten von Kindern weiter.<\/p>\n<p>Widerrufsrecht<\/p>\n<p>Wenn Sie uns personenbezogene Daten \u00fcbermittelt haben, k\u00f6nnen Sie diese jederzeit in Ihrem Benutzerprofil \u00e4ndern und l\u00f6schen. F\u00fcr eine vollst\u00e4ndige L\u00f6schung Ihres Kontos wenden Sie sich bitte an den Webmaster. Bis zu diesem Zeitpunkt verfasste Forenbeitr\u00e4ge, Kommentare, Terminank\u00fcndigungen und Artikel k\u00f6nnen jedoch erhalten bleiben.<\/p>\n<p>Links zu anderen Websites<\/p>\n<p>Unser Online-Angebot enth\u00e4lt Links zu anderen Websites. Wir haben keinen Einfluss darauf, dass deren Betreiber die Datenschutzbestimmungen einhalten.<\/p>\n<p>Inhalte<\/p>\n<p>Die Inhalte unserer Website sind f\u00fcr jedermann zug\u00e4nglich. Inhalte k\u00f6nnen in Suchmaschinen erfasst und weltweit abgerufen werden, ohne dass diese Website gezielt aufgerufen werden muss.<\/p>\n<p>Fragen und Kommentare<\/p>\n<p>Bei Fragen, Anregungen oder Kommentaren zum Thema Datenschutz wenden Sie sich bitte per E-Mail an yana.haering@gmail.com.<\/p>\n<p>Mehr zu unserer Datenschutzrichtlinie<\/p>\n<p>Unsere erweiterte Datenschutzrichtlinie finden Sie hier.<\/p>\n<p>[\/et_pb_text][et_pb_text _builder_version=&#8220;4.27.4&#8243; _module_preset=&#8220;default&#8220; text_font=&#8220;Inter||||||||&#8220; text_text_color=&#8220;#000000&#8243; text_font_size=&#8220;17px&#8220; text_line_height=&#8220;1.8em&#8220; header_3_font=&#8220;Inter||||||||&#8220; header_3_text_color=&#8220;#000000&#8243; header_3_font_size=&#8220;23px&#8220; header_3_letter_spacing=&#8220;1px&#8220; header_4_font=&#8220;Inter|700|||||||&#8220; header_4_text_color=&#8220;#000000&#8243; header_4_font_size=&#8220;20px&#8220; hover_enabled=&#8220;0&#8243; global_colors_info=&#8220;{}&#8220; sticky_enabled=&#8220;0&#8243; custom_padding=&#8220;||5px|||&#8220;]<\/p>\n<p>Cookie-Richtlinie<\/p>\n<p>Letzte Aktualisierung: 24. Februar 2025<\/p>\n<p>Diese Datenschutzrichtlinie beschreibt unsere Richtlinien und Verfahren zur Erhebung, Nutzung und Offenlegung Ihrer Daten bei der Nutzung des Dienstes und informiert Sie \u00fcber Ihre Datenschutzrechte und Ihren gesetzlichen Schutz.<\/p>\n<p>Wir verwenden Ihre personenbezogenen Daten, um den Dienst bereitzustellen und zu verbessern. Durch die Nutzung des Dienstes stimmen Sie der Erhebung und Nutzung von Informationen gem\u00e4\u00df dieser Datenschutzrichtlinie zu. Diese Datenschutzrichtlinie wurde mithilfe des Datenschutzrichtlinien-Generators erstellt.<\/p>\n<p>Auslegung und Definitionen<br \/>Auslegung<\/p>\n<p>Die W\u00f6rter, deren Anfangsbuchstabe gro\u00df geschrieben wird, haben unter den folgenden Bedingungen die definierte Bedeutung. Die folgenden Definitionen haben dieselbe Bedeutung, unabh\u00e4ngig davon, ob sie im Singular oder Plural stehen.<\/p>\n<p>Definitionen<\/p>\n<p>Im Sinne dieser Datenschutzrichtlinie:<\/p>\n<p>Konto bezeichnet ein eindeutiges Konto, das f\u00fcr Sie erstellt wird, um auf unseren Dienst oder Teile davon zuzugreifen.<br \/>Verbundenes Unternehmen bezeichnet ein Unternehmen, das eine Partei kontrolliert, von einer Partei kontrolliert wird oder mit dieser unter gemeinsamer Kontrolle steht. \u201eKontrolle\u201c bedeutet den Besitz von mindestens 50 % der Aktien, Beteiligungen oder sonstigen Wertpapiere, die zur Wahl von Direktoren oder anderen Leitungsorganen berechtigt sind.<br \/>Unternehmen (in dieser Vereinbarung als \u201edas Unternehmen\u201c, \u201ewir\u201c, \u201euns\u201c oder \u201eunser\u201c bezeichnet) bezeichnet Yana H\u00e4ring.<br \/>Cookies sind kleine Dateien, die von einer Website auf Ihrem Computer, Mobilger\u00e4t oder einem anderen Ger\u00e4t abgelegt werden und unter anderem Ihren Browserverlauf auf dieser Website enthalten.<br \/>Land: Berlin, Deutschland.<br \/>Ger\u00e4t: jedes Ger\u00e4t, das auf den Dienst zugreifen kann, z. B. ein Computer, ein Mobiltelefon oder ein Tablet.<br \/>Personenbezogene Daten sind alle Informationen, die sich auf eine identifizierte oder identifizierbare Person beziehen.<br \/>Dienst: die Website.<br \/>Dienstanbieter: jede nat\u00fcrliche oder juristische Person, die die Daten im Auftrag des Unternehmens verarbeitet. Hiermit sind Drittunternehmen oder Einzelpersonen gemeint, die vom Unternehmen beauftragt werden, den Dienst zu erm\u00f6glichen, den Dienst im Namen des Unternehmens bereitzustellen, damit verbundene Dienstleistungen zu erbringen oder das Unternehmen bei der Analyse der Dienstnutzung zu unterst\u00fctzen.<br \/>Nutzungsdaten sind automatisch erfasste Daten, die entweder durch die Nutzung des Dienstes oder durch die Dienstinfrastruktur selbst generiert werden (z. B. die Dauer eines Seitenbesuchs).<br \/>Website bezieht sich auf Yana H\u00e4ring, erreichbar \u00fcber https:\/\/yana-haering.de\/<\/p>\n<p>Sie bezeichnet die Person, die auf den Dienst zugreift oder ihn nutzt, bzw. das Unternehmen oder eine andere juristische Person, in deren Namen diese Person auf den Dienst zugreift oder ihn nutzt.<br \/>Erhebung und Verwendung Ihrer personenbezogenen Daten<br \/>Arten der erhobenen Daten<br \/>Personenbezogene Daten<\/p>\n<p>Bei der Nutzung unseres Dienstes bitten wir Sie m\u00f6glicherweise um die Angabe bestimmter personenbezogener Daten, die zur Kontaktaufnahme oder Identifizierung verwendet werden k\u00f6nnen. Zu den personenbezogenen Daten k\u00f6nnen unter anderem geh\u00f6ren:<\/p>\n<p>E-Mail-Adresse<br \/>Vor- und Nachname<br \/>Nutzungsdaten<br \/>Nutzungsdaten<\/p>\n<p>Nutzungsdaten werden bei der Nutzung des Dienstes automatisch erhoben.<\/p>\n<p>Nutzungsdaten k\u00f6nnen Informationen wie die Internetprotokolladresse (z. B. IP-Adresse) Ihres Ger\u00e4ts, Browsertyp, Browserversion, die von Ihnen besuchten Seiten unseres Dienstes, Uhrzeit und Datum Ihres Besuchs, die auf diesen Seiten verbrachte Zeit, eindeutige Ger\u00e4tekennungen und andere Diagnosedaten umfassen.<\/p>\n<p>Wenn Sie \u00fcber ein Mobilger\u00e4t auf den Dienst zugreifen, erfassen wir m\u00f6glicherweise automatisch bestimmte Informationen, darunter den Typ des von Ihnen verwendeten Mobilger\u00e4ts, die eindeutige ID Ihres Mobilger\u00e4ts, die IP-Adresse Ihres Mobilger\u00e4ts, Ihr mobiles Betriebssystem, den Typ des von Ihnen verwendeten mobilen Internetbrowsers, eindeutige Ger\u00e4tekennungen und andere Diagnosedaten.<\/p>\n<p>Wir erfassen m\u00f6glicherweise auch Informationen, die Ihr Browser sendet, wenn Sie unseren Dienst besuchen oder \u00fcber ein Mobilger\u00e4t auf den Dienst zugreifen.<\/p>\n<p>Tracking-Technologien und Cookies<\/p>\n<p>Wir verwenden Cookies und \u00e4hnliche Tracking-Technologien, um die Aktivit\u00e4ten auf unserem Service zu verfolgen und bestimmte Informationen zu speichern. Zu den verwendeten Tracking-Technologien z\u00e4hlen Beacons, Tags und Skripte, um Informationen zu sammeln und zu verfolgen sowie unseren Service zu verbessern und zu analysieren. Zu den von uns verwendeten Technologien geh\u00f6ren unter anderem:<\/p>\n<p>Cookies oder Browser-Cookies. Ein Cookie ist eine kleine Datei, die auf Ihrem Ger\u00e4t abgelegt wird. Sie k\u00f6nnen Ihren Browser anweisen, alle Cookies abzulehnen oder anzuzeigen, wann ein Cookie gesendet wird. Wenn Sie Cookies nicht akzeptieren, k\u00f6nnen Sie jedoch m\u00f6glicherweise einige Teile unseres Service nicht nutzen. Sofern Sie Ihre Browsereinstellungen nicht so angepasst haben, dass Cookies abgelehnt werden, kann unser Service Cookies verwenden.<\/p>\n<p>Web Beacons. Bestimmte Bereiche unseres Service und unserer E-Mails k\u00f6nnen kleine elektronische Dateien enthalten, sogenannte Web Beacons (auch als Clear Gifs, Pixel Tags und Single-Pixel Gifs bezeichnet). Diese erm\u00f6glichen es dem Unternehmen beispielsweise, die Anzahl der Nutzer zu z\u00e4hlen, die diese Seiten besucht oder eine E-Mail ge\u00f6ffnet haben, und andere damit verbundene Website-Statistiken zu erstellen (z. B. die Erfassung der Popularit\u00e4t eines bestimmten Bereichs und die \u00dcberpr\u00fcfung der System- und Serverintegrit\u00e4t).<\/p>\n<p>Cookies k\u00f6nnen \u201epermanent\u201c oder \u201eSession-Cookies\u201c sein. Permanente Cookies verbleiben auf Ihrem PC oder Mobilger\u00e4t, wenn Sie offline gehen, w\u00e4hrend Session-Cookies gel\u00f6scht werden, sobald Sie Ihren Webbrowser schlie\u00dfen. Weitere Informationen zu Cookies finden Sie im Artikel auf der TermsFeed-Website.<\/p>\n<p>Wir verwenden sowohl Session- als auch persistente Cookies f\u00fcr die folgenden Zwecke:<\/p>\n<p>Notwendige Cookies: Typ: Session-Cookies<\/p>\n<p>Verwaltet von: Uns<\/p>\n<p>Zweck: Diese Cookies sind unerl\u00e4sslich, um Ihnen die \u00fcber die Website verf\u00fcgbaren Dienste bereitzustellen und Ihnen die Nutzung einiger ihrer Funktionen zu erm\u00f6glichen. Sie dienen der Authentifizierung von Nutzern und verhindern die betr\u00fcgerische Nutzung von Nutzerkonten. Ohne diese Cookies k\u00f6nnen die von Ihnen angeforderten Dienste nicht bereitgestellt werden. Wir verwenden diese Cookies ausschlie\u00dflich, um Ihnen diese Dienste bereitzustellen.<\/p>\n<p>Cookie-Richtlinie\/Hinweis: Zustimmungs-Cookies: Typ: Persistente Cookies<\/p>\n<p>Verwaltet von: Uns<\/p>\n<p>Zweck: Diese Cookies identifizieren, ob Nutzer der Verwendung von Cookies auf der Website zugestimmt haben.<\/p>\n<p>FunktionscookiesTyp: Dauerhafte Cookies<\/p>\n<p>Verwaltet von: Uns<\/p>\n<p>Zweck: Diese Cookies erm\u00f6glichen es uns, Ihre Einstellungen bei der Nutzung der Website zu speichern, z. B. Ihre Anmeldedaten oder Ihre Spracheinstellungen. Diese Cookies dienen dazu, Ihnen ein pers\u00f6nlicheres Erlebnis zu bieten und zu vermeiden, dass Sie Ihre Einstellungen bei jeder Nutzung der Website erneut eingeben m\u00fcssen.<br \/>Kontakt<\/p>\n<p>Bei Fragen zu dieser Datenschutzrichtlinie k\u00f6nnen Sie uns kontaktieren:<\/p>\n<p>Per E-Mail: <a href=\"mailto:info@yana-haering.de\">info@yana-haering.de<\/a><\/p>\n<p>[\/et_pb_text][\/et_pb_column][\/et_pb_row][\/et_pb_section]<\/p>\n","protected":false},"excerpt":{"rendered":"<p>Weitere Informationen und DatenpolitikIMPRESSUMEmailinfo@yana-haering.deTelefon+49-17689058298AdresseYogaGl\u00fcck studioHackenbergstr. 712489 Berlin AdlershofDatenschutz und Cookie-RichtlinieDatenschutzerkl\u00e4rung Letzte Aktualisierung: 24. Februar 2025 Die Inhaberin und Betreiberin dieser Website (Yana H\u00e4ring) nimmt den Schutz Ihrer privaten Daten ernst. Die besondere Beachtung der Privatsph\u00e4re bei der Verarbeitung personenbezogener Daten ist uns ein wichtiges Anliegen. Personenbezogene Daten werden gem\u00e4\u00df den Bestimmungen des Bundesdatenschutzgesetzes verwendet; die [&hellip;]<\/p>\n","protected":false},"author":1,"featured_media":0,"parent":0,"menu_order":0,"comment_status":"closed","ping_status":"closed","template":"","meta":{"_et_pb_use_builder":"on","_et_pb_old_content":"","_et_gb_content_width":"","footnotes":""},"class_list":["post-1459","page","type-page","status-publish","hentry"],"_links":{"self":[{"href":"https:\/\/yana-haering.de\/de\/wp-json\/wp\/v2\/pages\/1459","targetHints":{"allow":["GET"]}}],"collection":[{"href":"https:\/\/yana-haering.de\/de\/wp-json\/wp\/v2\/pages"}],"about":[{"href":"https:\/\/yana-haering.de\/de\/wp-json\/wp\/v2\/types\/page"}],"author":[{"embeddable":true,"href":"https:\/\/yana-haering.de\/de\/wp-json\/wp\/v2\/users\/1"}],"replies":[{"embeddable":true,"href":"https:\/\/yana-haering.de\/de\/wp-json\/wp\/v2\/comments?post=1459"}],"version-history":[{"count":4,"href":"https:\/\/yana-haering.de\/de\/wp-json\/wp\/v2\/pages\/1459\/revisions"}],"predecessor-version":[{"id":1467,"href":"https:\/\/yana-haering.de\/de\/wp-json\/wp\/v2\/pages\/1459\/revisions\/1467"}],"wp:attachment":[{"href":"https:\/\/yana-haering.de\/de\/wp-json\/wp\/v2\/media?parent=1459"}],"curies":[{"name":"wp","href":"https:\/\/api.w.org\/{rel}","templated":true}]}}